{"id":1393,"date":"2019-06-24T14:31:18","date_gmt":"2019-06-24T14:31:18","guid":{"rendered":"https:\/\/www.microsensory.com\/%d8%b3%d9%8a%d8%a7%d8%b3%d8%a9-%d8%a7%d9%84%d8%ae%d8%b5%d9%88%d8%b5%d9%8a%d8%a9-%d9%88-lopd\/"},"modified":"2023-06-13T07:12:26","modified_gmt":"2023-06-13T07:12:26","slug":"%d8%b3%d9%8a%d8%a7%d8%b3%d8%a9-%d8%a7%d9%84%d8%ae%d8%b5%d9%88%d8%b5%d9%8a%d8%a9-%d9%88-lopd","status":"publish","type":"page","link":"https:\/\/www.microsensory.com\/ar\/%d8%b3%d9%8a%d8%a7%d8%b3%d8%a9-%d8%a7%d9%84%d8%ae%d8%b5%d9%88%d8%b5%d9%8a%d8%a9-%d9%88-lopd\/","title":{"rendered":"\u0633\u064a\u0627\u0633\u0629 \u0627\u0644\u062e\u0635\u0648\u0635\u064a\u0629 \u0648 LOPD"},"content":{"rendered":"\n<p>\u0648\u0641\u0642\u064b\u0627 \u0644\u0623\u062d\u0643\u0627\u0645 \u0627\u0644\u0644\u0648\u0627\u0626\u062d \u0627\u0644\u0645\u0639\u0645\u0648\u0644 \u0628\u0647\u0627 \u0644\u062d\u0645\u0627\u064a\u0629 \u0627\u0644\u0628\u064a\u0627\u0646\u0627\u062a \u0627\u0644\u0634\u062e\u0635\u064a\u0629 \u060c \u064a\u062a\u0645 \u0625\u0628\u0644\u0627\u063a \u0627\u0644\u0645\u0633\u062a\u062e\u062f\u0645 \u0628\u0645\u0627 \u064a\u0644\u064a:<\/p>\n\n<p>1. \u0648\u062d\u062f\u0629 \u062a\u062d\u0643\u0645 \u0627\u0644\u0628\u064a\u0627\u0646\u0627\u062a<\/p>\n\n<p>\u0625\u0646\u0647\u0627 MICRO SENSORY S.L. \u0631\u0642\u0645 \u0627\u0644\u062a\u0639\u0631\u064a\u0641 \u0627\u0644\u0634\u062e\u0635\u064a: \u0628 14636922. \u0645\u0643\u062a\u0628 \u0645\u0633\u062c\u0644 Calle San Marcos \u060c \u0644\u0627. 100 de Fern\u00e1n N\u00fa\u00f1ez, C\u00f3rdoba.<\/p>\n\n<p><strong>2. \u0627\u0644\u063a\u0631\u0636 \u0645\u0646 \u0645\u0639\u0627\u0644\u062c\u0629 \u0627\u0644\u0628\u064a\u0627\u0646\u0627\u062a \u0627\u0644\u0634\u062e\u0635\u064a\u0629<\/strong><\/p>\n\n<p>\u0633\u064a\u062a\u0645 \u062f\u0645\u062c \u0627\u0644\u0628\u064a\u0627\u0646\u0627\u062a \u0627\u0644\u0634\u062e\u0635\u064a\u0629 \u0627\u0644\u0645\u0642\u062f\u0645\u0629 \u0644\u0646\u0627 \u0645\u0646 \u062e\u0644\u0627\u0644 \u0623\u064a \u0645\u0646 \u062e\u062f\u0645\u0627\u062a\u0646\u0627 \u0641\u064a \u0633\u062c\u0644\u0627\u062a \u0627\u0644\u0639\u0644\u0627\u062c \u0627\u0644\u0645\u0645\u0644\u0648\u0643\u0629 \u0644\u0634\u0631\u0643\u0629 MICRO SENSORY S.L. \u0644\u0644\u0623\u063a\u0631\u0627\u0636 \u0627\u0644\u062a\u0627\u0644\u064a\u0629:<\/p>\n\n<ul class=\"wp-block-list\">\n<li>\u0625\u062f\u0627\u0631\u0629 \u0645\u0633\u062a\u062e\u062f\u0645\u064a \u0627\u0644\u0645\u0648\u0642\u0639 \u060c \u0648\u0639\u0646\u062f \u0627\u0644\u0627\u0642\u062a\u0636\u0627\u0621 \u060c \u062a\u0641\u0639\u064a\u0644 \u0648\u0625\u062f\u0627\u0631\u0629 \u0627\u0644\u062a\u0633\u062c\u064a\u0644 \u0643\u0645\u0633\u062a\u062e\u062f\u0645 \u0641\u064a \u0627\u0644\u0645\u0646\u0637\u0642\u0629 \u0627\u0644\u0645\u062d\u062c\u0648\u0632\u0629 \u0645\u0646 \u0627\u0644\u0645\u0648\u0642\u0639.<\/li>\n\n\n\n<li>\u062a\u0642\u062f\u064a\u0645 \u0627\u0644\u062e\u062f\u0645\u0627\u062a \u0627\u0644\u0645\u0636\u0645\u0646\u0629 \u0641\u064a \u0627\u0644\u0645\u0648\u0642\u0639 \u0648 \/ \u0623\u0648 \u062a\u0642\u062f\u064a\u0645 \u0627\u0644\u0645\u0639\u0644\u0648\u0645\u0627\u062a \u0627\u0644\u0645\u0637\u0644\u0648\u0628\u0629 \u060c \u0625\u0645\u0627 \u0639\u0628\u0631 \u0627\u0644\u0648\u064a\u0628 \u0623\u0648 \u0639\u0628\u0631 \u0627\u0644\u0628\u0631\u064a\u062f \u0627\u0644\u0625\u0644\u0643\u062a\u0631\u0648\u0646\u064a \u0623\u0648 \u0639\u0628\u0631 \u0627\u0644\u0647\u0627\u062a\u0641. \u0642\u062f \u064a\u062a\u0645 \u062a\u0633\u062c\u064a\u0644 \u0627\u0644\u0645\u0643\u0627\u0644\u0645\u0627\u062a \u0627\u0644\u0647\u0627\u062a\u0641\u064a\u0629 \u0645\u0646 \u0623\u062c\u0644 \u0636\u0645\u0627\u0646 \u062c\u0648\u062f\u0629 \u0627\u0644\u062e\u062f\u0645\u0629.<\/li>\n\n\n\n<li>\u0625\u062f\u0627\u0631\u0629 \u0627\u0644\u0639\u0644\u0627\u0642\u0629 \u0627\u0644\u062a\u0639\u0627\u0642\u062f\u064a\u0629 \u0623\u0648 \u0627\u0644\u062a\u062c\u0627\u0631\u064a\u0629 \u0627\u0644\u0645\u0646\u0634\u0623\u0629 \u0628\u064a\u0646 MICRO SENSORY S.L. \u0648\u0627\u0644\u0645\u0633\u062a\u062e\u062f\u0645\u0648\u0646.<\/li>\n\n\n\n<li>\u0627\u0639\u0631\u0636 \u0645\u0646\u062a\u062c\u0627\u062a \u0648\u062e\u062f\u0645\u0627\u062a \u0627\u0644\u0645\u0633\u062a\u062e\u062f\u0645 \u0623\u0648 \u0645\u062d\u062a\u0648\u0649 \u0645\u062e\u0635\u0635\u064b\u0627 \u0639\u0646 \u0637\u0631\u064a\u0642 \u0627\u0644\u062d\u0635\u0648\u0644 \u0639\u0644\u0649 \u0645\u0644\u0641\u0627\u062a \u0627\u0644\u062a\u0639\u0631\u064a\u0641 \u0648\u0627\u0644\u062a\u062c\u0632\u0626\u0629 \u0623\u0648 \u0645\u0647\u0627\u0645 CRM \u060c \u0648\u062a\u0648\u0633\u064a\u0639 \u0648\u062a\u062d\u0633\u064a\u0646 \u062a\u0644\u0643 \u0627\u0644\u062a\u064a \u064a\u0645\u062a\u0644\u0643\u0647\u0627 \u0627\u0644\u0639\u0645\u064a\u0644 \u062d\u0627\u0644\u064a\u064b\u0627.<\/li>\n\n\n\n<li>\u0641\u064a \u062a\u0644\u0643 \u0627\u0644\u062d\u0627\u0644\u0627\u062a \u0627\u0644\u062a\u064a \u064a\u0648\u0627\u0641\u0642 \u0641\u064a\u0647\u0627 \u0627\u0644\u0645\u0633\u062a\u062e\u062f\u0645 \u0635\u0631\u0627\u062d\u0629 \u060c \u064a\u0631\u0633\u0644 \u0627\u062a\u0635\u0627\u0644\u0627\u062a \u0648\u0645\u0639\u0644\u0648\u0645\u0627\u062a \u0625\u0639\u0644\u0627\u0646\u064a\u0629 \u060c \u0628\u0648\u0633\u0627\u0626\u0644 \u0645\u062e\u062a\u0644\u0641\u0629 (\u0631\u0633\u0627\u0626\u0644 \u0628\u0631\u064a\u062f \u0625\u0644\u0643\u062a\u0631\u0648\u0646\u064a \u060c \u0631\u0633\u0627\u0626\u0644 \u0646\u0635\u064a\u0629 \u060c \u0628\u0631\u064a\u062f \u0628\u0631\u064a\u062f\u064a &#8230;) \u060c \u062d\u0648\u0644 MICRO SENSORY S.L. \u060c \u0623\u0648 \u0623\u0637\u0631\u0627\u0641 \u062b\u0627\u0644\u062b\u0629 \u060c \u062d\u0648\u0644 \u0623\u0646\u0634\u0637\u062a\u0647\u0645 \u0623\u0648 \u0645\u0646\u062a\u062c\u0627\u062a\u0647\u0645 \u0623\u0648 \u062e\u062f\u0645\u0627\u062a\u0647\u0645 \u0623\u0648 \u0639\u0631\u0648\u0636\u0647\u0645 \u060c \u0627\u0644\u0627\u0633\u062a\u0637\u0644\u0627\u0639\u0627\u062a \u060c \u0648\u0627\u0644\u0639\u0631\u0648\u0636 \u0627\u0644\u062a\u0631\u0648\u064a\u062c\u064a\u0629 \u0627\u0644\u062e\u0627\u0635\u0629 \u060c \u0648\u0643\u0630\u0644\u0643 \u0627\u0644\u0648\u062b\u0627\u0626\u0642 \u0630\u0627\u062a \u0627\u0644\u0637\u0628\u064a\u0639\u0629 \u0627\u0644\u0645\u062a\u0646\u0648\u0639\u0629 \u0627\u0644\u062a\u064a \u0642\u062f \u062a\u0643\u0648\u0646 \u0630\u0627\u062a \u0641\u0627\u0626\u062f\u0629 \u0623\u0648 \u0645\u0641\u064a\u062f\u0629 \u0644\u0644\u0645\u0633\u062a\u062e\u062f\u0645 \u060c \u0641\u064a\u0645\u0627 \u064a\u062a\u0639\u0644\u0642 \u0628\u0642\u0637\u0627\u0639 \u0627\u0644\u062a\u0643\u0646\u0648\u0644\u0648\u062c\u064a\u0627.<\/li>\n\n\n\n<li>\u0648\u0628\u0627\u0644\u0645\u062b\u0644 \u060c \u0641\u064a \u0643\u0644 \u0639\u0645\u0644\u064a\u0629 \u064a\u0642\u062f\u0645 \u0641\u064a\u0647\u0627 \u0627\u0644\u0645\u0633\u062a\u062e\u062f\u0645 \u0628\u064a\u0627\u0646\u0627\u062a\u0647 \u0627\u0644\u0634\u062e\u0635\u064a\u0629 \u060c \u0633\u064a\u062a\u0645 \u0625\u0628\u0644\u0627\u063a\u0647 \u0628\u0627\u0644\u0637\u0628\u064a\u0639\u0629 \u0627\u0644\u0625\u0644\u0632\u0627\u0645\u064a\u0629 \u0623\u0648 \u0627\u0644\u0627\u062e\u062a\u064a\u0627\u0631\u064a\u0629 \u0644\u0627\u0633\u062a\u0643\u0645\u0627\u0644\u0647\u0627 \u060c \u0648\u0628\u0646\u062a\u0627\u0626\u062c \u0639\u062f\u0645 \u062a\u0642\u062f\u064a\u0645\u0647\u0627.<\/li>\n<\/ul>\n\n<p><strong>3. \u0627\u0644\u0628\u064a\u0627\u0646\u0627\u062a \u0627\u0644\u0634\u062e\u0635\u064a\u0629 \u0644\u0623\u0637\u0631\u0627\u0641 \u062b\u0627\u0644\u062b\u0629<\/strong><\/p>\n\n<p>\u0641\u064a \u062d\u0627\u0644\u0629 \u0625\u062f\u0627\u0631\u0629 \u0627\u0644\u0628\u064a\u0627\u0646\u0627\u062a \u0627\u0644\u0634\u062e\u0635\u064a\u0629 \u0627\u0644\u0645\u0642\u062f\u0645\u0629 \u0645\u0646 \u0642\u0628\u0644 \u0637\u0631\u0641 \u062b\u0627\u0644\u062b \u060c MICRO SENSORY S.L. \u062a\u0636\u0645\u0646 \u0623\u0646\u0647\u0627 \u0642\u062f \u0623\u0628\u0644\u063a\u062a \u0627\u0644\u0637\u0631\u0641 \u0627\u0644\u062b\u0627\u0644\u062b \u0627\u0644\u0645\u0630\u0643\u0648\u0631 \u0628\u0633\u064a\u0627\u0633\u0629 \u0627\u0644\u062e\u0635\u0648\u0635\u064a\u0629 \u0647\u0630\u0647 \u0648\u062d\u0635\u0644\u062a \u0639\u0644\u0649 \u0625\u0630\u0646 \u0644\u062a\u0642\u062f\u064a\u0645 \u0627\u0644\u0628\u064a\u0627\u0646\u0627\u062a \u0627\u0644\u0645\u0642\u062f\u0645\u0629 \u0644\u0644\u0623\u063a\u0631\u0627\u0636 \u0627\u0644\u0645\u0634\u0627\u0631 \u0625\u0644\u064a\u0647\u0627.<\/p>\n\n<p><strong>4. \u0641\u062a\u0631\u0629 \u062d\u0641\u0638 \u0627\u0644\u0628\u064a\u0627\u0646\u0627\u062a \u0627\u0644\u0634\u062e\u0635\u064a\u0629<\/strong><\/p>\n\n<p>\u0633\u064a\u062a\u0645 \u0627\u0644\u0627\u062d\u062a\u0641\u0627\u0638 \u0628\u0627\u0644\u0628\u064a\u0627\u0646\u0627\u062a \u0627\u0644\u0634\u062e\u0635\u064a\u0629 \u0627\u0644\u0645\u0642\u062f\u0645\u0629 \u0637\u0627\u0644\u0645\u0627 \u062a\u0645 \u0627\u0644\u062d\u0641\u0627\u0638 \u0639\u0644\u0649 \u0627\u0644\u0639\u0644\u0627\u0642\u0629 \u0627\u0644\u062a\u0639\u0627\u0642\u062f\u064a\u0629 \u060c \u0648\u0644\u0627 \u064a\u0637\u0644\u0628 \u0627\u0644\u0637\u0631\u0641 \u0627\u0644\u0645\u0639\u0646\u064a \u062d\u0630\u0641\u0647\u0627 \u0648\u0644\u0627 \u064a\u0646\u0628\u063a\u064a \u062d\u0630\u0641\u0647\u0627 \u0644\u0623\u0646\u0647\u0627 \u0636\u0631\u0648\u0631\u064a\u0629 \u0644\u0644\u0627\u0645\u062a\u062b\u0627\u0644 \u0644\u0627\u0644\u062a\u0632\u0627\u0645 \u0642\u0627\u0646\u0648\u0646\u064a \u0623\u0648 \u0644\u0635\u064a\u0627\u063a\u0629 \u0648\u0645\u0645\u0627\u0631\u0633\u0629 \u0648\u0627\u0644\u062f\u0641\u0627\u0639 \u0639\u0646 \u0627\u0644\u0645\u0637\u0627\u0644\u0628\u0627\u062a.<\/p>\n\n<p>\u0625\u0630\u0627 \u0623\u0644\u063a\u0649 \u0627\u0644\u0645\u0633\u062a\u062e\u062f\u0645 \u0645\u0648\u0627\u0641\u0642\u062a\u0647 \u0623\u0648 \u0645\u0627\u0631\u0633 \u062d\u0642\u0648\u0642 \u0627\u0644\u0625\u0644\u063a\u0627\u0621 \u0623\u0648 \u0627\u0644\u062d\u0630\u0641 \u060c \u0641\u0633\u064a\u062a\u0645 \u062d\u0638\u0631 \u0628\u064a\u0627\u0646\u0627\u062a\u0647 \u0627\u0644\u0634\u062e\u0635\u064a\u0629 \u062a\u062d\u062a \u062a\u0635\u0631\u0641 \u0625\u062f\u0627\u0631\u0629 \u0627\u0644\u0639\u062f\u0644 \u062e\u0644\u0627\u0644 \u0627\u0644\u0641\u062a\u0631\u0627\u062a \u0627\u0644\u0645\u062d\u062f\u062f\u0629 \u0642\u0627\u0646\u0648\u0646\u064b\u0627 \u0644\u0645\u0648\u0627\u062c\u0647\u0629 \u0627\u0644\u0645\u0633\u0624\u0648\u0644\u064a\u0627\u062a \u0627\u0644\u0645\u062d\u062a\u0645\u0644\u0629 \u0627\u0644\u0646\u0627\u0634\u0626\u0629 \u0639\u0646 \u0645\u0639\u0627\u0645\u0644\u062a\u0647.<\/p>\n\n<p><strong>5. \u0627\u0644\u062a\u0634\u0631\u064a\u0639 \u0644\u0645\u0639\u0627\u0644\u062c\u0629 \u0627\u0644\u0628\u064a\u0627\u0646\u0627\u062a \u0627\u0644\u0634\u062e\u0635\u064a\u0629<\/strong><\/p>\n\n<p>MICRO SENSORY S.L. \u0645\u064f\u0635\u0631\u062d \u0644\u0647 \u0628\u0625\u062c\u0631\u0627\u0621 \u0645\u0639\u0627\u0644\u062c\u0629 \u0627\u0644\u0628\u064a\u0627\u0646\u0627\u062a \u0627\u0644\u0634\u062e\u0635\u064a\u0629 \u0639\u0644\u0649 \u0623\u0633\u0627\u0633:<\/p>\n\n<ul class=\"wp-block-list\">\n<li>\u0642\u062f\u0645 \u0645\u0633\u062a\u062e\u062f\u0645 \u0627\u0644\u0645\u0648\u0642\u0639 \u0628\u064a\u0627\u0646\u0627\u062a\u0647 \u0627\u0644\u0634\u062e\u0635\u064a\u0629 \u0644\u0639\u0644\u0627\u0642\u0627\u062a \u0645\u0627 \u0642\u0628\u0644 \u0627\u0644\u062a\u0639\u0627\u0642\u062f \u0623\u0648 \u0627\u0644\u0639\u0644\u0627\u0642\u0627\u062a \u0627\u0644\u062a\u0639\u0627\u0642\u062f\u064a\u0629.<\/li>\n\n\n\n<li>\u0623\u0639\u0637\u0649 \u0627\u0644\u0645\u0633\u062a\u062e\u062f\u0645 \u0645\u0648\u0627\u0641\u0642\u062a\u0647 \u0627\u0644\u0645\u0633\u062a\u0646\u064a\u0631\u0629 \u0639\u0644\u0649 \u0625\u0631\u0633\u0627\u0644 \u0627\u0644\u0627\u062a\u0635\u0627\u0644\u0627\u062a \u0627\u0644\u062a\u062c\u0627\u0631\u064a\u0629 \u060c \u0644\u062a\u062b\u0628\u064a\u062a \u0623\u0646\u0638\u0645\u0629 \u0627\u0644\u0645\u0631\u0627\u0642\u0628\u0629 \u0627\u0644\u062a\u064a \u062a\u0628\u0644\u063a \u0639\u0646 \u0639\u0627\u062f\u0627\u062a \u0627\u0644\u062a\u0635\u0641\u062d \u0648\u0641\u0642\u064b\u0627 \u0644\u0633\u064a\u0627\u0633\u0629 \u0645\u0644\u0641\u0627\u062a \u062a\u0639\u0631\u064a\u0641 \u0627\u0644\u0627\u0631\u062a\u0628\u0627\u0637 \u060c \u0623\u0648 \u0644\u0625\u0631\u0633\u0627\u0644 \u0627\u0644\u0645\u0639\u0644\u0648\u0645\u0627\u062a \u0627\u0644\u0645\u0637\u0644\u0648\u0628\u0629 \u0645\u0646 \u062e\u0644\u0627\u0644 \u0646\u0645\u0627\u0630\u062c \u0627\u0644\u0627\u062a\u0635\u0627\u0644.<\/li>\n\n\n\n<li>\u0647\u0646\u0627\u0643 \u0627\u0644\u062a\u0632\u0627\u0645\u0627\u062a \u0642\u0627\u0646\u0648\u0646\u064a\u0629 \u062a\u062a\u0637\u0644\u0628 \u0645\u0639\u0627\u0644\u062c\u0629 \u0627\u0644\u0628\u064a\u0627\u0646\u0627\u062a \u0627\u0644\u0634\u062e\u0635\u064a\u0629 \u060c \u0648\u0641\u0642\u064b\u0627 \u0644\u0644\u062e\u062f\u0645\u0627\u062a \u0627\u0644\u0645\u0642\u062f\u0645\u0629.<\/li>\n<\/ul>\n\n<p><strong>6. \u062a\u062e\u0635\u064a\u0635\u0627\u062a \u0648\u0645\u0633\u062a\u0644\u0645\u064a \u0627\u0644\u0628\u064a\u0627\u0646\u0627\u062a \u0627\u0644\u0634\u062e\u0635\u064a\u0629<\/strong><\/p>\n\n<p>\u062c\u0645\u064a\u0639 \u0627\u0644\u062a\u062e\u0635\u064a\u0635\u0627\u062a \u0627\u0644\u0645\u0648\u0636\u062d\u0629 \u0623\u062f\u0646\u0627\u0647 \u0636\u0631\u0648\u0631\u064a\u0629 \u0644\u062a\u062d\u0642\u064a\u0642 \u0627\u0644\u0623\u063a\u0631\u0627\u0636 \u0627\u0644\u0645\u0630\u0643\u0648\u0631\u0629 \u0623\u0639\u0644\u0627\u0647 \u060c \u0623\u0648 \u064a\u062a\u0645 \u062a\u0646\u0641\u064a\u0630\u0647\u0627 \u0648\u0641\u0642\u064b\u0627 \u0644\u0627\u0644\u062a\u0632\u0627\u0645 \u0642\u0627\u0646\u0648\u0646\u064a. \u064a\u0645\u0643\u0646 \u0646\u0642\u0644 \u0627\u0644\u0628\u064a\u0627\u0646\u0627\u062a \u0627\u0644\u0634\u062e\u0635\u064a\u0629 \u0625\u0644\u0649:<\/p>\n\n<ul class=\"wp-block-list\">\n<li>\u0627\u0644\u0625\u062f\u0627\u0631\u0627\u062a \u0627\u0644\u0639\u0627\u0645\u0629 \u0648\u0625\u0642\u0627\u0645\u0629 \u0627\u0644\u0639\u062f\u0644.<\/li>\n\n\n\n<li>\u0645\u0642\u062f\u0645\u0648 \u062e\u062f\u0645\u0627\u062a \u062a\u0643\u0646\u0648\u0644\u0648\u062c\u064a\u0627 \u0627\u0644\u0645\u0639\u0644\u0648\u0645\u0627\u062a<\/li>\n<\/ul>\n\n<p><strong>7. \u062d\u0642\u0648\u0642 \u0627\u0644\u0623\u0637\u0631\u0627\u0641 \u0627\u0644\u0645\u0639\u0646\u064a\u0629<\/strong><\/p>\n\n<p>\u064a\u0645\u0643\u0646 \u0644\u0644\u0623\u0637\u0631\u0627\u0641 \u0627\u0644\u0645\u0647\u062a\u0645\u0629 \u0627\u0644\u062a\u0642\u062f\u0645 \u0642\u0628\u0644 MICRO SENSORY S.L. \u062d\u0642\u0648\u0642 \u0627\u0644\u0648\u0635\u0648\u0644 \u0623\u0648 \u0627\u0644\u062a\u0635\u062d\u064a\u062d \u0623\u0648 \u0627\u0644\u062d\u0630\u0641 \u060c \u0648\u062a\u0642\u064a\u064a\u062f \u0645\u0639\u0627\u0644\u062c\u062a\u0647\u0627 \u060c \u0648\u0627\u0644\u0645\u0639\u0627\u0631\u0636\u0629 \u060c \u0648\u0642\u0627\u0628\u0644\u064a\u0629 \u0627\u0644\u0646\u0642\u0644 \u060c \u0648\u0645\u0639\u0627\u0631\u0636\u0629 \u0627\u0644\u0642\u0631\u0627\u0631\u0627\u062a \u0627\u0644\u0641\u0631\u062f\u064a\u0629 \u0627\u0644\u0622\u0644\u064a\u0629. \u0648\u0628\u0627\u0644\u0645\u062b\u0644 \u060c \u064a\u0645\u0643\u0646\u0647\u0645 \u0625\u0644\u063a\u0627\u0621 \u0645\u0648\u0627\u0641\u0642\u062a\u0647\u0645 \u0641\u064a \u062d\u0627\u0644\u0629 \u0645\u0646\u062d\u0647\u0645 \u0627\u0644\u0645\u0648\u0627\u0641\u0642\u0629 \u0644\u063a\u0631\u0636 \u0645\u0639\u064a\u0646 \u060c \u0648\u0627\u0644\u0642\u062f\u0631\u0629 \u0639\u0644\u0649 \u062a\u0639\u062f\u064a\u0644 \u062a\u0641\u0636\u064a\u0644\u0627\u062a\u0647\u0645 \u0641\u064a \u0623\u064a \u0648\u0642\u062a.<\/p>\n\n<p>\u064a\u0645\u0643\u0646 \u0645\u0645\u0627\u0631\u0633\u062a\u0647\u0627 \u0639\u0646 \u0637\u0631\u064a\u0642 \u0627\u0644\u0628\u0631\u064a\u062f \u0627\u0644\u0625\u0644\u0643\u062a\u0631\u0648\u0646\u064a: <a href=\"mailto:info@microsensory.com\">info@microsensory.com<\/a> \u0623\u0648 \u0639\u0644\u0649 \u0627\u0644\u0639\u0646\u0648\u0627\u0646 \u0627\u0644\u062a\u0627\u0644\u064a: (\u0627\u0644\u0645\u0631\u062c\u0639: \u062d\u0645\u0627\u064a\u0629 \u0627\u0644\u0628\u064a\u0627\u0646\u0627\u062a \u0627\u0644\u0634\u062e\u0635\u064a\u0629) \u060c calle San Marcos \u060c n\u00ba. 100 \u060c \u0627\u0644\u0631\u0645\u0632 \u0627\u0644\u0628\u0631\u064a\u062f\u064a 14520 \u0641\u0631\u0646\u0627\u0646 \u0646\u0648\u0646\u064a\u0632 \u060c \u0642\u0631\u0637\u0628\u0629.<\/p>\n","protected":false},"excerpt":{"rendered":"<p>\u0648\u0641\u0642\u064b\u0627 \u0644\u0623\u062d\u0643\u0627\u0645 \u0627\u0644\u0644\u0648\u0627\u0626\u062d \u0627\u0644\u0645\u0639\u0645\u0648\u0644 \u0628\u0647\u0627 \u0644\u062d\u0645\u0627\u064a\u0629 \u0627\u0644\u0628\u064a\u0627\u0646\u0627\u062a \u0627\u0644\u0634\u062e\u0635\u064a\u0629 \u060c \u064a\u062a\u0645 \u0625\u0628\u0644\u0627\u063a \u0627\u0644\u0645\u0633\u062a\u062e\u062f\u0645 \u0628\u0645\u0627 \u064a\u0644\u064a: 1. \u0648\u062d\u062f\u0629 \u062a\u062d\u0643\u0645 \u0627\u0644\u0628\u064a\u0627\u0646\u0627\u062a \u0625\u0646\u0647\u0627 MICRO SENSORY S.L. \u0631\u0642\u0645 \u0627\u0644\u062a\u0639\u0631\u064a\u0641 \u0627\u0644\u0634\u062e\u0635\u064a: \u0628<span class=\"excerpt-hellip\"> [\u2026]<\/span><\/p>\n","protected":false},"author":1,"featured_media":0,"parent":0,"menu_order":0,"comment_status":"open","ping_status":"open","template":"","meta":{"inline_featured_image":false,"footnotes":""},"class_list":["post-1393","page","type-page","status-publish","hentry"],"jetpack_sharing_enabled":true,"_links":{"self":[{"href":"https:\/\/www.microsensory.com\/ar\/wp-json\/wp\/v2\/pages\/1393","targetHints":{"allow":["GET"]}}],"collection":[{"href":"https:\/\/www.microsensory.com\/ar\/wp-json\/wp\/v2\/pages"}],"about":[{"href":"https:\/\/www.microsensory.com\/ar\/wp-json\/wp\/v2\/types\/page"}],"author":[{"embeddable":true,"href":"https:\/\/www.microsensory.com\/ar\/wp-json\/wp\/v2\/users\/1"}],"replies":[{"embeddable":true,"href":"https:\/\/www.microsensory.com\/ar\/wp-json\/wp\/v2\/comments?post=1393"}],"version-history":[{"count":1,"href":"https:\/\/www.microsensory.com\/ar\/wp-json\/wp\/v2\/pages\/1393\/revisions"}],"predecessor-version":[{"id":1394,"href":"https:\/\/www.microsensory.com\/ar\/wp-json\/wp\/v2\/pages\/1393\/revisions\/1394"}],"wp:attachment":[{"href":"https:\/\/www.microsensory.com\/ar\/wp-json\/wp\/v2\/media?parent=1393"}],"curies":[{"name":"wp","href":"https:\/\/api.w.org\/{rel}","templated":true}]}}